{"id":64820,"date":"2025-03-29T10:40:14","date_gmt":"2025-03-29T13:40:14","guid":{"rendered":"https:\/\/savella.com.br\/shop\/agendar-uma-chamada\/"},"modified":"2025-03-29T14:05:52","modified_gmt":"2025-03-29T17:05:52","slug":"book-a-call","status":"publish","type":"product","link":"https:\/\/savella.com.br\/pt-br\/shop_pt_br\/book-a-call\/","title":{"rendered":"Agendar uma chamada"},"content":{"rendered":"<p>\ud83d\udde3\ufe0f Reserve uma aula de avalia\u00e7\u00e3o de n\u00edvel &#8211; Vamos conversar!<\/p>\n<p>Voc\u00ea quer melhorar seu ingl\u00eas, mas n\u00e3o sabe por onde come\u00e7ar? Reserve esta sess\u00e3o individual e vamos descobrir seu n\u00edvel por meio de uma conversa natural.<\/p>\n<p>Nesta chamada de 60 minutos, n\u00f3s iremos:<br \/>\n\u2714\ufe0f Ter um bate-papo informal para testar sua fala e audi\u00e7\u00e3o<br \/>\n\u2714\ufe0f Avaliaremos sua gram\u00e1tica, vocabul\u00e1rio e flu\u00eancia<br \/>\n\u2714\ufe0f Identificar seus pontos fortes e as \u00e1reas que voc\u00ea precisa melhorar<br \/>\n\u2714\ufe0f Recomendaremos os melhores pr\u00f3ximos passos para voc\u00ea aprender<\/p>\n<p>Perfeito para novos alunos ou para quem est\u00e1 voltando a estudar ingl\u00eas depois de uma pausa. Sem press\u00e3o, apenas uma conversa descontra\u00edda para ajudar voc\u00ea a seguir em frente com confian\u00e7a.<\/p>\n<p>\ud83d\udcc5 Selecione o hor\u00e1rio de sua prefer\u00eancia no calend\u00e1rio<br \/>\n\ud83d\udcac Traga sua voz &#8211; voc\u00ea n\u00e3o precisa se preparar!<br \/>\n\ud83e\uddfe O pagamento confirma sua vaga<\/p>\n","protected":false},"excerpt":{"rendered":"<p>\ud83d\udde3\ufe0f Reserve uma aula de avalia\u00e7\u00e3o de n\u00edvel &#8211; Vamos conversar! Voc\u00ea quer melhorar seu ingl\u00eas, mas n\u00e3o sabe por [&hellip;]<\/p>\n","protected":false},"featured_media":64773,"comment_status":"open","ping_status":"closed","template":"","meta":{"site-sidebar-layout":"default","site-content-layout":"","ast-site-content-layout":"default","site-content-style":"default","site-sidebar-style":"default","ast-global-header-display":"","ast-banner-title-visibility":"","ast-main-header-display":"","ast-hfb-above-header-display":"","ast-hfb-below-header-display":"","ast-hfb-mobile-header-display":"","site-post-title":"","ast-breadcrumbs-content":"","ast-featured-img":"","footer-sml-layout":"","ast-disable-related-posts":"","theme-transparent-header-meta":"","adv-header-id-meta":"","stick-header-meta":"","header-above-stick-meta":"","header-main-stick-meta":"","header-below-stick-meta":"","astra-migrate-meta-layouts":"default","ast-page-background-enabled":"default","ast-page-background-meta":{"desktop":{"background-color":"var(--ast-global-color-4)","background-image":"","background-repeat":"repeat","background-position":"center center","background-size":"auto","background-attachment":"scroll","background-type":"","background-media":"","overlay-type":"","overlay-color":"","overlay-opacity":"","overlay-gradient":""},"tablet":{"background-color":"","background-image":"","background-repeat":"repeat","background-position":"center center","background-size":"auto","background-attachment":"scroll","background-type":"","background-media":"","overlay-type":"","overlay-color":"","overlay-opacity":"","overlay-gradient":""},"mobile":{"background-color":"","background-image":"","background-repeat":"repeat","background-position":"center center","background-size":"auto","background-attachment":"scroll","background-type":"","background-media":"","overlay-type":"","overlay-color":"","overlay-opacity":"","overlay-gradient":""}},"ast-content-background-meta":{"desktop":{"background-color":"var(--ast-global-color-5)","background-image":"","background-repeat":"repeat","background-position":"center center","background-size":"auto","background-attachment":"scroll","background-type":"","background-media":"","overlay-type":"","overlay-color":"","overlay-opacity":"","overlay-gradient":""},"tablet":{"background-color":"var(--ast-global-color-5)","background-image":"","background-repeat":"repeat","background-position":"center center","background-size":"auto","background-attachment":"scroll","background-type":"","background-media":"","overlay-type":"","overlay-color":"","overlay-opacity":"","overlay-gradient":""},"mobile":{"background-color":"var(--ast-global-color-5)","background-image":"","background-repeat":"repeat","background-position":"center center","background-size":"auto","background-attachment":"scroll","background-type":"","background-media":"","overlay-type":"","overlay-color":"","overlay-opacity":"","overlay-gradient":""}}},"product_brand":[],"product_cat":[375],"product_tag":[],"class_list":{"0":"post-64820","1":"product","2":"type-product","3":"status-publish","4":"has-post-thumbnail","6":"product_cat-reserva","7":"desktop-align-center","8":"tablet-align-center","9":"mobile-align-center","10":"ast-product-gallery-layout-vertical-slider","11":"ast-product-gallery-with-no-image","12":"ast-magnify-disabled","14":"first","15":"instock","16":"virtual","17":"sold-individually","18":"taxable","19":"purchasable","20":"product-type-simple"},"_links":{"self":[{"href":"https:\/\/savella.com.br\/pt-br\/wp-json\/wp\/v2\/product\/64820","targetHints":{"allow":["GET"]}}],"collection":[{"href":"https:\/\/savella.com.br\/pt-br\/wp-json\/wp\/v2\/product"}],"about":[{"href":"https:\/\/savella.com.br\/pt-br\/wp-json\/wp\/v2\/types\/product"}],"replies":[{"embeddable":true,"href":"https:\/\/savella.com.br\/pt-br\/wp-json\/wp\/v2\/comments?post=64820"}],"version-history":[{"count":0,"href":"https:\/\/savella.com.br\/pt-br\/wp-json\/wp\/v2\/product\/64820\/revisions"}],"wp:featuredmedia":[{"embeddable":true,"href":"https:\/\/savella.com.br\/pt-br\/wp-json\/wp\/v2\/media\/64773"}],"wp:attachment":[{"href":"https:\/\/savella.com.br\/pt-br\/wp-json\/wp\/v2\/media?parent=64820"}],"wp:term":[{"taxonomy":"product_brand","embeddable":true,"href":"https:\/\/savella.com.br\/pt-br\/wp-json\/wp\/v2\/product_brand?post=64820"},{"taxonomy":"product_cat","embeddable":true,"href":"https:\/\/savella.com.br\/pt-br\/wp-json\/wp\/v2\/product_cat?post=64820"},{"taxonomy":"product_tag","embeddable":true,"href":"https:\/\/savella.com.br\/pt-br\/wp-json\/wp\/v2\/product_tag?post=64820"}],"curies":[{"name":"wp","href":"https:\/\/api.w.org\/{rel}","templated":true}]}}