{"id":64179,"date":"2025-02-10T07:53:08","date_gmt":"2025-02-10T10:53:08","guid":{"rendered":"https:\/\/savella.com.br\/product\/savella-elementary-book-a1-a2\/"},"modified":"2025-05-16T09:39:07","modified_gmt":"2025-05-16T12:39:07","slug":"savella-livro-ingles-basico-a1-a2","status":"publish","type":"product","link":"https:\/\/savella.com.br\/pt-br\/shop_pt_br\/savella-livro-ingles-basico-a1-a2\/","title":{"rendered":"Savella Elementary Book (A1 | A2)"},"content":{"rendered":"<p class=\"p1\"><b>Livro do Aluno \u2013 Ensino Fundamental de Ingl\u00eas Geral<\/b><b><\/b><\/p>\n<p class=\"p3\">O <span class=\"s1\"><b>Savella Language Centre<\/b><\/span> desenvolveu este livro especialmente para iniciantes que desejam aprender ingl\u00eas de forma pr\u00e1tica e eficiente. Com foco nos fundamentos da gram\u00e1tica e do vocabul\u00e1rio, ele \u00e9 a porta de entrada para voc\u00ea dominar habilidades essenciais de leitura e compreens\u00e3o auditiva.<\/p>\n<p class=\"p1\"><span class=\"s2\">\ud83d\udcd6 <\/span><b>Idioma: Ingl\u00eas.<\/b><b><\/b><\/p>\n<p class=\"p3\">Para potencializar sua experi\u00eancia de aprendizado, utilize este livro em conjunto com os recursos dispon\u00edveis em nosso site: <span class=\"s1\"><b>www.savella.com.br<\/b><\/span>. L\u00e1, voc\u00ea encontrar\u00e1 atividades voltadas para habilidades produtivas, como fala e escrita, al\u00e9m de respostas-chave, arquivos de \u00e1udio e v\u00eddeo, e audioscripts \u2013 tudo projetado para proporcionar um ensino completo e envolvente.<\/p>\n","protected":false},"excerpt":{"rendered":"<p class=\"p1\">Este livro de ingl\u00eas para iniciantes oferece uma maneira simples de voc\u00ea aprender gram\u00e1tica, vocabul\u00e1rio, leitura e habilidades auditivas. Ele foi projetado para criar uma base s\u00f3lida para o aprendizado do idioma.<\/p>\n","protected":false},"featured_media":64182,"comment_status":"open","ping_status":"closed","template":"","meta":{"site-sidebar-layout":"default","site-content-layout":"","ast-site-content-layout":"default","site-content-style":"default","site-sidebar-style":"default","ast-global-header-display":"","ast-banner-title-visibility":"","ast-main-header-display":"","ast-hfb-above-header-display":"","ast-hfb-below-header-display":"","ast-hfb-mobile-header-display":"","site-post-title":"","ast-breadcrumbs-content":"","ast-featured-img":"","footer-sml-layout":"","ast-disable-related-posts":"","theme-transparent-header-meta":"","adv-header-id-meta":"","stick-header-meta":"","header-above-stick-meta":"","header-main-stick-meta":"","header-below-stick-meta":"","astra-migrate-meta-layouts":"default","ast-page-background-enabled":"default","ast-page-background-meta":{"desktop":{"background-color":"var(--ast-global-color-4)","background-image":"","background-repeat":"repeat","background-position":"center center","background-size":"auto","background-attachment":"scroll","background-type":"","background-media":"","overlay-type":"","overlay-color":"","overlay-opacity":"","overlay-gradient":""},"tablet":{"background-color":"","background-image":"","background-repeat":"repeat","background-position":"center center","background-size":"auto","background-attachment":"scroll","background-type":"","background-media":"","overlay-type":"","overlay-color":"","overlay-opacity":"","overlay-gradient":""},"mobile":{"background-color":"","background-image":"","background-repeat":"repeat","background-position":"center center","background-size":"auto","background-attachment":"scroll","background-type":"","background-media":"","overlay-type":"","overlay-color":"","overlay-opacity":"","overlay-gradient":""}},"ast-content-background-meta":{"desktop":{"background-color":"var(--ast-global-color-5)","background-image":"","background-repeat":"repeat","background-position":"center center","background-size":"auto","background-attachment":"scroll","background-type":"","background-media":"","overlay-type":"","overlay-color":"","overlay-opacity":"","overlay-gradient":""},"tablet":{"background-color":"var(--ast-global-color-5)","background-image":"","background-repeat":"repeat","background-position":"center center","background-size":"auto","background-attachment":"scroll","background-type":"","background-media":"","overlay-type":"","overlay-color":"","overlay-opacity":"","overlay-gradient":""},"mobile":{"background-color":"var(--ast-global-color-5)","background-image":"","background-repeat":"repeat","background-position":"center center","background-size":"auto","background-attachment":"scroll","background-type":"","background-media":"","overlay-type":"","overlay-color":"","overlay-opacity":"","overlay-gradient":""}}},"product_brand":[],"product_cat":[412,363],"product_tag":[],"class_list":{"0":"post-64179","1":"product","2":"type-product","3":"status-publish","4":"has-post-thumbnail","6":"product_cat-livros","7":"product_cat-sem-categoria-pt-br","8":"desktop-align-center","9":"tablet-align-center","10":"mobile-align-center","11":"ast-product-gallery-layout-vertical-slider","12":"ast-product-gallery-with-no-image","13":"ast-magnify-disabled","14":"ast-product-single-variable","16":"first","17":"instock","18":"taxable","19":"shipping-taxable","20":"purchasable","21":"product-type-variable"},"_links":{"self":[{"href":"https:\/\/savella.com.br\/pt-br\/wp-json\/wp\/v2\/product\/64179","targetHints":{"allow":["GET"]}}],"collection":[{"href":"https:\/\/savella.com.br\/pt-br\/wp-json\/wp\/v2\/product"}],"about":[{"href":"https:\/\/savella.com.br\/pt-br\/wp-json\/wp\/v2\/types\/product"}],"replies":[{"embeddable":true,"href":"https:\/\/savella.com.br\/pt-br\/wp-json\/wp\/v2\/comments?post=64179"}],"version-history":[{"count":0,"href":"https:\/\/savella.com.br\/pt-br\/wp-json\/wp\/v2\/product\/64179\/revisions"}],"wp:featuredmedia":[{"embeddable":true,"href":"https:\/\/savella.com.br\/pt-br\/wp-json\/wp\/v2\/media\/64182"}],"wp:attachment":[{"href":"https:\/\/savella.com.br\/pt-br\/wp-json\/wp\/v2\/media?parent=64179"}],"wp:term":[{"taxonomy":"product_brand","embeddable":true,"href":"https:\/\/savella.com.br\/pt-br\/wp-json\/wp\/v2\/product_brand?post=64179"},{"taxonomy":"product_cat","embeddable":true,"href":"https:\/\/savella.com.br\/pt-br\/wp-json\/wp\/v2\/product_cat?post=64179"},{"taxonomy":"product_tag","embeddable":true,"href":"https:\/\/savella.com.br\/pt-br\/wp-json\/wp\/v2\/product_tag?post=64179"}],"curies":[{"name":"wp","href":"https:\/\/api.w.org\/{rel}","templated":true}]}}