{"id":64106,"date":"2024-11-29T14:41:49","date_gmt":"2024-11-29T17:41:49","guid":{"rendered":"https:\/\/savella.com.br\/product\/curso-de-ingles-elementar\/"},"modified":"2025-07-03T08:17:31","modified_gmt":"2025-07-03T11:17:31","slug":"curso-de-ingles-elementar","status":"publish","type":"product","link":"https:\/\/savella.com.br\/pt-br\/shop_pt_br\/curso-de-ingles-elementar\/","title":{"rendered":"Curso de ingl\u00eas elementar"},"content":{"rendered":"<p><strong>Voc\u00ea pode desbloquear o mundo do ingl\u00eas: Curso de N\u00edvel Elementar<\/strong><br \/>\nEste empolgante <strong>curso de ingl\u00eas elementar<\/strong> foi desenvolvido para iniciantes com <strong>pouco ou nenhum conhecimento pr\u00e9vio<\/strong> do idioma. Por meio de aulas interativas, atividades envolventes e um ambiente de aprendizado favor\u00e1vel, voc\u00ea adquirir\u00e1 as habilidades essenciais para <strong>se comunicar<\/strong> com confian\u00e7a <strong>no ingl\u00eas do dia a dia<\/strong>.<br \/>\n<strong>O que voc\u00ea aprender\u00e1:<\/strong><br \/>\n<strong>Vocabul\u00e1rio e gram\u00e1tica b\u00e1sicos:<\/strong> Construa uma base s\u00f3lida de palavras-chave e estruturas de frases usadas no cotidiano.<br \/>\n<strong>Habilidades essenciais de audi\u00e7\u00e3o e fala:<\/strong> Desenvolva sua compreens\u00e3o do ingl\u00eas falado e pratique habilidades de conversa\u00e7\u00e3o por meio de exerc\u00edcios interativos.<br \/>\n<strong>Fundamentos de leitura e reda\u00e7\u00e3o:<\/strong> Voc\u00ea aprender\u00e1 a ler e escrever frases e par\u00e1grafos simples sobre t\u00f3picos conhecidos.<br \/>\n<strong>Confian\u00e7a e motiva\u00e7\u00e3o:<\/strong> Ganhe confian\u00e7a para se expressar em ingl\u00eas e experimente a alegria de aprender um novo idioma.<br \/>\n<strong>Este curso \u00e9 perfeito para:<\/strong><br \/>\nIndiv\u00edduos sem experi\u00eancia pr\u00e9via no idioma ingl\u00eas<br \/>\nAlunos que desejam uma base s\u00f3lida no b\u00e1sico<br \/>\nQualquer pessoa que queira aprimorar suas habilidades de comunica\u00e7\u00e3o para a vida di\u00e1ria ou para viagens<br \/>\n<strong>Junte-se a n\u00f3s e d\u00ea seu primeiro passo rumo \u00e0 flu\u00eancia em ingl\u00eas!<\/strong><\/p>\n","protected":false},"excerpt":{"rendered":"<p>Comece sua jornada de ingl\u00eas com nosso Curso de N\u00edvel Elementar, perfeito para iniciantes que desejam construir uma base s\u00f3lida de vocabul\u00e1rio, gram\u00e1tica e habilidades essenciais de comunica\u00e7\u00e3o. Por meio de aulas e atividades interativas, voc\u00ea ganhar\u00e1 confian\u00e7a para usar o ingl\u00eas na vida cotidiana e em viagens.<\/p>\n","protected":false},"featured_media":64532,"comment_status":"open","ping_status":"closed","template":"","meta":{"site-sidebar-layout":"default","site-content-layout":"","ast-site-content-layout":"default","site-content-style":"default","site-sidebar-style":"default","ast-global-header-display":"","ast-banner-title-visibility":"","ast-main-header-display":"","ast-hfb-above-header-display":"","ast-hfb-below-header-display":"","ast-hfb-mobile-header-display":"","site-post-title":"","ast-breadcrumbs-content":"","ast-featured-img":"","footer-sml-layout":"","ast-disable-related-posts":"","theme-transparent-header-meta":"","adv-header-id-meta":"","stick-header-meta":"","header-above-stick-meta":"","header-main-stick-meta":"","header-below-stick-meta":"","astra-migrate-meta-layouts":"default","ast-page-background-enabled":"default","ast-page-background-meta":{"desktop":{"background-color":"var(--ast-global-color-4)","background-image":"","background-repeat":"repeat","background-position":"center center","background-size":"auto","background-attachment":"scroll","background-type":"","background-media":"","overlay-type":"","overlay-color":"","overlay-opacity":"","overlay-gradient":""},"tablet":{"background-color":"","background-image":"","background-repeat":"repeat","background-position":"center center","background-size":"auto","background-attachment":"scroll","background-type":"","background-media":"","overlay-type":"","overlay-color":"","overlay-opacity":"","overlay-gradient":""},"mobile":{"background-color":"","background-image":"","background-repeat":"repeat","background-position":"center center","background-size":"auto","background-attachment":"scroll","background-type":"","background-media":"","overlay-type":"","overlay-color":"","overlay-opacity":"","overlay-gradient":""}},"ast-content-background-meta":{"desktop":{"background-color":"var(--ast-global-color-5)","background-image":"","background-repeat":"repeat","background-position":"center center","background-size":"auto","background-attachment":"scroll","background-type":"","background-media":"","overlay-type":"","overlay-color":"","overlay-opacity":"","overlay-gradient":""},"tablet":{"background-color":"var(--ast-global-color-5)","background-image":"","background-repeat":"repeat","background-position":"center center","background-size":"auto","background-attachment":"scroll","background-type":"","background-media":"","overlay-type":"","overlay-color":"","overlay-opacity":"","overlay-gradient":""},"mobile":{"background-color":"var(--ast-global-color-5)","background-image":"","background-repeat":"repeat","background-position":"center center","background-size":"auto","background-attachment":"scroll","background-type":"","background-media":"","overlay-type":"","overlay-color":"","overlay-opacity":"","overlay-gradient":""}}},"product_brand":[],"product_cat":[],"product_tag":[],"class_list":{"0":"post-64106","1":"product","2":"type-product","3":"status-publish","4":"has-post-thumbnail","6":"desktop-align-center","7":"tablet-align-center","8":"mobile-align-center","9":"ast-product-gallery-layout-vertical-slider","10":"ast-product-gallery-with-no-image","11":"ast-magnify-disabled","13":"first","14":"instock","15":"virtual","16":"sold-individually","17":"taxable","18":"purchasable","19":"product-type-simple"},"_links":{"self":[{"href":"https:\/\/savella.com.br\/pt-br\/wp-json\/wp\/v2\/product\/64106","targetHints":{"allow":["GET"]}}],"collection":[{"href":"https:\/\/savella.com.br\/pt-br\/wp-json\/wp\/v2\/product"}],"about":[{"href":"https:\/\/savella.com.br\/pt-br\/wp-json\/wp\/v2\/types\/product"}],"replies":[{"embeddable":true,"href":"https:\/\/savella.com.br\/pt-br\/wp-json\/wp\/v2\/comments?post=64106"}],"version-history":[{"count":0,"href":"https:\/\/savella.com.br\/pt-br\/wp-json\/wp\/v2\/product\/64106\/revisions"}],"wp:featuredmedia":[{"embeddable":true,"href":"https:\/\/savella.com.br\/pt-br\/wp-json\/wp\/v2\/media\/64532"}],"wp:attachment":[{"href":"https:\/\/savella.com.br\/pt-br\/wp-json\/wp\/v2\/media?parent=64106"}],"wp:term":[{"taxonomy":"product_brand","embeddable":true,"href":"https:\/\/savella.com.br\/pt-br\/wp-json\/wp\/v2\/product_brand?post=64106"},{"taxonomy":"product_cat","embeddable":true,"href":"https:\/\/savella.com.br\/pt-br\/wp-json\/wp\/v2\/product_cat?post=64106"},{"taxonomy":"product_tag","embeddable":true,"href":"https:\/\/savella.com.br\/pt-br\/wp-json\/wp\/v2\/product_tag?post=64106"}],"curies":[{"name":"wp","href":"https:\/\/api.w.org\/{rel}","templated":true}]}}