{"id":64771,"date":"2025-03-24T14:13:23","date_gmt":"2025-03-24T17:13:23","guid":{"rendered":"https:\/\/savella.com.br\/limpeza-da-pagina-inicial\/"},"modified":"2025-06-19T12:11:55","modified_gmt":"2025-06-19T15:11:55","slug":"pagina-inicial","status":"publish","type":"page","link":"https:\/\/savella.com.br\/pt-br\/pagina-inicial\/","title":{"rendered":"P\u00e1gina inicial"},"content":{"rendered":"\n<div class=\"wp-block-columns has-ast-global-color-5-background-color has-background is-layout-flex wp-container-core-columns-is-layout-28f84493 wp-block-columns-is-layout-flex\">\n<div class=\"wp-block-column has-white-color has-text-color has-link-color wp-elements-965d87d1bb0bed29f0e62a6bf00b450e is-layout-flow wp-block-column-is-layout-flow\" style=\"flex-basis:40%\">\n<figure class=\"wp-block-image size-large has-custom-border is-style-default\"><img fetchpriority=\"high\" decoding=\"async\" width=\"1024\" height=\"1024\" src=\"https:\/\/savella.com.br\/wp-content\/uploads\/2025\/04\/Front-page-1024x1024.jpeg\" alt=\"\" class=\"wp-image-65339\" style=\"border-radius:25px;box-shadow:none\" srcset=\"https:\/\/savella.com.br\/wp-content\/uploads\/2025\/04\/Front-page-1024x1024.jpeg 1024w, https:\/\/savella.com.br\/wp-content\/uploads\/2025\/04\/Front-page-100x100.jpeg 100w, https:\/\/savella.com.br\/wp-content\/uploads\/2025\/04\/Front-page-600x600.jpeg 600w, https:\/\/savella.com.br\/wp-content\/uploads\/2025\/04\/Front-page-300x300.jpeg 300w, https:\/\/savella.com.br\/wp-content\/uploads\/2025\/04\/Front-page-150x150.jpeg 150w, https:\/\/savella.com.br\/wp-content\/uploads\/2025\/04\/Front-page-768x768.jpeg 768w, https:\/\/savella.com.br\/wp-content\/uploads\/2025\/04\/Front-page-75x75.jpeg 75w, https:\/\/savella.com.br\/wp-content\/uploads\/2025\/04\/Front-page-129x129.jpeg 129w, https:\/\/savella.com.br\/wp-content\/uploads\/2025\/04\/Front-page-69x69.jpeg 69w, https:\/\/savella.com.br\/wp-content\/uploads\/2025\/04\/Front-page.jpeg 1080w\" sizes=\"(max-width: 1024px) 100vw, 1024px\" \/><\/figure>\n<\/div>\n\n\n\n<div class=\"wp-block-column has-white-color has-text-color has-background has-link-color wp-elements-b8b74f20ae048eca11fb035b3ce5aa01 is-layout-flow wp-container-core-column-is-layout-119bc444 wp-block-column-is-layout-flow\" style=\"border-top-left-radius:5px;border-top-right-radius:5px;border-bottom-left-radius:24px;border-bottom-right-radius:24px;border-top-style:none;border-top-width:0px;border-right-color:#0050b3;border-right-width:20px;border-bottom-color:#0050b3;border-bottom-width:20px;border-left-color:#0050b3;border-left-width:20px;background-color:#0050b3;flex-basis:60%\">\n<div style=\"height:63px\" aria-hidden=\"true\" class=\"wp-block-spacer @media (max-width: 768px) {  .wp-block-spacer.hide-spacer-mobile display: none !important; height: 0 visibility: hidden }\"><\/div>\n\n\n\n<h2 class=\"wp-block-heading has-white-color has-text-color has-link-color wp-elements-cc647eb1774f956ebfa633595458a601\" style=\"border-style:none;border-width:0px;font-size:30px\"><strong>Simplifique o aprendizado de idiomas<\/strong><\/h2>\n\n\n\n<p class=\"has-medium-font-size\">Desenvolvido para alunos do mundo real<\/p>\n\n\n\n<a href=\"https:\/\/savella.com.br\/user-account-2\/?mode=register\" class=\"wp-block-masterstudy-button wp-block-masterstudy-button-736ca42c-e613-4ad3-a659-d8635b951cf9 icon-right has-small-font-size\" style=\"margin-top:var(--wp--preset--spacing--30);margin-right:0;margin-bottom:var(--wp--preset--spacing--30);margin-left:0;--wp-block-masterstudy-button--color:#cf2e2e;--wp-block-masterstudy-button--bgColor:#ffffff;--wp-block-masterstudy-button--hoverColor:#ffffff;--wp-block-masterstudy-button--bgHoverColor:#0050b3\"><span class=\"wp-block-masterstudy-button__text\"><strong>Sign Up<\/strong><\/span><\/a>\n\n\n\n<p class=\"has-medium-font-size\"><strong>Practice All Four Skills<\/strong><br\/>To communicate well, you need to develop <strong>all language skills<\/strong>:<strong>Speaking<\/strong>, <strong>Writing<\/strong>, <strong>Listening<\/strong> and <strong>Reading<\/strong>.<\/p>\n\n\n\n<hr class=\"wp-block-separator has-alpha-channel-opacity\"\/>\n\n\n\n<p class=\"has-medium-font-size\"><strong>Balance Vocabulary and Grammar<\/strong><\/p>\n\n\n\n<p class=\"has-medium-font-size\"><strong>Vocabulary and grammar should grow together.<\/strong><br\/>\u2022 Too much <strong>vocabulary<\/strong> can make you speak fluently but with lots of mistakes.<br\/>\u2022 Too much <strong>grammar<\/strong> can make you overthink and block your fluency.<br\/><br\/><strong>The key is balance.<\/strong><\/p>\n<\/div>\n<\/div>\n\n<div style=\"height:13px\" aria-hidden=\"true\" class=\"wp-block-spacer\"><\/div>\n\n<h2 class=\"wp-block-heading has-text-align-center has-large-font-size\" style=\"font-style:normal;font-weight:800\"><strong>O que oferecemos<\/strong><\/h2>\n\n<div style=\"height:22px\" aria-hidden=\"true\" class=\"wp-block-spacer\"><\/div>\n\n<div class=\"wp-block-columns has-border-color is-layout-flex wp-container-core-columns-is-layout-6cb66de6 wp-block-columns-is-layout-flex\" style=\"border-color:#ffffff;border-width:20px;margin-top:0;margin-bottom:0\">\n<div class=\"wp-block-column is-layout-flow wp-block-column-is-layout-flow\">\n<figure class=\"wp-block-image size-full has-custom-border is-style-default\"><img decoding=\"async\" width=\"640\" height=\"360\" src=\"https:\/\/savella.com.br\/wp-content\/uploads\/2025\/04\/Computer-Medium.jpeg\" alt=\"\" class=\"wp-image-65287\" style=\"border-radius:20px;aspect-ratio:16\/9;object-fit:cover\" srcset=\"https:\/\/savella.com.br\/wp-content\/uploads\/2025\/04\/Computer-Medium.jpeg 640w, https:\/\/savella.com.br\/wp-content\/uploads\/2025\/04\/Computer-Medium-600x338.jpeg 600w, https:\/\/savella.com.br\/wp-content\/uploads\/2025\/04\/Computer-Medium-300x169.jpeg 300w, https:\/\/savella.com.br\/wp-content\/uploads\/2025\/04\/Computer-Medium-270x153.jpeg 270w, https:\/\/savella.com.br\/wp-content\/uploads\/2025\/04\/Computer-Medium-266x150.jpeg 266w\" sizes=\"(max-width: 640px) 100vw, 640px\" \/><\/figure>\n\n\n\n<p class=\"has-text-align-center has-medium-font-size\" style=\"letter-spacing:0.5px\"><br\/><strong>Aulas particulares em tempo real<\/strong><br\/>Online ou pessoalmente, \u00e9 essencial que voc\u00ea reserve um tempo para conversar com os alunos sobre suas dificuldades.<\/p>\n\n\n\n<div style=\"height:17px\" aria-hidden=\"true\" class=\"wp-block-spacer\"><\/div>\n<\/div>\n\n\n\n<div class=\"wp-block-column is-layout-flow wp-block-column-is-layout-flow\">\n<figure class=\"wp-block-image size-full has-custom-border\"><img decoding=\"async\" src=\"https:\/\/savella.com.br\/wp-content\/uploads\/2025\/04\/Book-Mockup-Medium.jpeg\" alt=\"\" class=\"wp-image-65292\" style=\"border-radius:20px;aspect-ratio:16\/9;object-fit:cover\"\/><\/figure>\n\n\n\n<p class=\"has-text-align-center has-medium-font-size\" style=\"font-style:normal;font-weight:400;letter-spacing:0.5px\"><br\/><strong>Modern Course Book<\/strong><br\/>Atualizado e envolvente &#8211; o uso de um livro moderno ajuda os alunos a se conectarem com a linguagem e as situa\u00e7\u00f5es da vida real.<\/p>\n<\/div>\n<\/div>\n\n<h2 class=\"wp-block-heading has-text-align-center has-large-font-size\"><strong>Descubra nossas ferramentas<\/strong><\/h2>\n\n<div class=\"wp-block-columns has-border-color is-layout-flex wp-container-core-columns-is-layout-6cb66de6 wp-block-columns-is-layout-flex\" style=\"border-color:#ffffff;border-width:20px;margin-top:0;margin-bottom:0\">\n<div class=\"wp-block-column is-layout-flow wp-block-column-is-layout-flow\">\n<figure class=\"wp-block-image size-full has-custom-border is-style-default\"><img decoding=\"async\" width=\"640\" height=\"360\" src=\"https:\/\/savella.com.br\/wp-content\/uploads\/2025\/05\/Website-Mockup-Medium.jpeg\" alt=\"\" class=\"wp-image-65560\" style=\"border-radius:20px;aspect-ratio:16\/9;object-fit:cover\" srcset=\"https:\/\/savella.com.br\/wp-content\/uploads\/2025\/05\/Website-Mockup-Medium.jpeg 640w, https:\/\/savella.com.br\/wp-content\/uploads\/2025\/05\/Website-Mockup-Medium-300x169.jpeg 300w, https:\/\/savella.com.br\/wp-content\/uploads\/2025\/05\/Website-Mockup-Medium-270x153.jpeg 270w, https:\/\/savella.com.br\/wp-content\/uploads\/2025\/05\/Website-Mockup-Medium-600x338.jpeg 600w\" sizes=\"(max-width: 640px) 100vw, 640px\" \/><\/figure>\n\n\n\n<p class=\"has-text-align-center has-medium-font-size\" style=\"letter-spacing:0.5px\"><br\/><strong>Pratique todos os dias<\/strong><br\/>Temos uma plataforma moderna na qual voc\u00ea pode praticar a fala, a audi\u00e7\u00e3o, a leitura, a escrita, o vocabul\u00e1rio e a gram\u00e1tica entre as aulas &#8211; tudo em um s\u00f3 lugar.<\/p>\n\n\n\n<div style=\"height:17px\" aria-hidden=\"true\" class=\"wp-block-spacer\"><\/div>\n<\/div>\n\n\n\n<div class=\"wp-block-column is-layout-flow wp-block-column-is-layout-flow\">\n<figure class=\"wp-block-image size-full has-custom-border\"><img loading=\"lazy\" decoding=\"async\" width=\"640\" height=\"360\" src=\"https:\/\/savella.com.br\/wp-content\/uploads\/2025\/05\/Vocabulary-Mockup-Medium.jpeg\" alt=\"\" class=\"wp-image-65562\" style=\"border-radius:20px;aspect-ratio:16\/9;object-fit:cover\" srcset=\"https:\/\/savella.com.br\/wp-content\/uploads\/2025\/05\/Vocabulary-Mockup-Medium.jpeg 640w, https:\/\/savella.com.br\/wp-content\/uploads\/2025\/05\/Vocabulary-Mockup-Medium-300x169.jpeg 300w, https:\/\/savella.com.br\/wp-content\/uploads\/2025\/05\/Vocabulary-Mockup-Medium-270x153.jpeg 270w, https:\/\/savella.com.br\/wp-content\/uploads\/2025\/05\/Vocabulary-Mockup-Medium-600x338.jpeg 600w\" sizes=\"(max-width: 640px) 100vw, 640px\" \/><\/figure>\n\n\n\n<p class=\"has-text-align-center has-medium-font-size\" style=\"font-style:normal;font-weight:400;letter-spacing:0.5px\"><br\/><strong>Vocabul\u00e1rio<\/strong><br\/>Nossa pr\u00e1tica de vocabul\u00e1rio usa ilustra\u00e7\u00f5es para ajudar voc\u00ea a aprender novas palavras, entender seu significado e escrev\u00ea-las corretamente.<\/p>\n<\/div>\n<\/div>\n\n<div class=\"wp-block-columns has-border-color is-layout-flex wp-container-core-columns-is-layout-6cb66de6 wp-block-columns-is-layout-flex\" style=\"border-color:#ffffff;border-width:20px;margin-top:0;margin-bottom:0\">\n<div class=\"wp-block-column is-layout-flow wp-block-column-is-layout-flow\">\n<figure class=\"wp-block-image size-full has-custom-border is-style-default\"><img loading=\"lazy\" decoding=\"async\" width=\"640\" height=\"360\" src=\"https:\/\/savella.com.br\/wp-content\/uploads\/2025\/05\/Pronunciation-banner-Medium.jpeg\" alt=\"\" class=\"wp-image-65564\" style=\"border-radius:20px;aspect-ratio:16\/9;object-fit:cover\" srcset=\"https:\/\/savella.com.br\/wp-content\/uploads\/2025\/05\/Pronunciation-banner-Medium.jpeg 640w, https:\/\/savella.com.br\/wp-content\/uploads\/2025\/05\/Pronunciation-banner-Medium-300x169.jpeg 300w, https:\/\/savella.com.br\/wp-content\/uploads\/2025\/05\/Pronunciation-banner-Medium-270x153.jpeg 270w, https:\/\/savella.com.br\/wp-content\/uploads\/2025\/05\/Pronunciation-banner-Medium-600x338.jpeg 600w\" sizes=\"(max-width: 640px) 100vw, 640px\" \/><\/figure>\n\n\n\n<p class=\"has-text-align-center has-medium-font-size\" style=\"letter-spacing:0.5px\"><br\/><strong>Pron\u00fancia<\/strong><br\/>Nossa ferramenta de pron\u00fancia ajuda voc\u00ea a dizer as palavras corretamente e fornece feedback instant\u00e2neo para melhorar sua fala.<\/p>\n\n\n\n<div style=\"height:17px\" aria-hidden=\"true\" class=\"wp-block-spacer\"><\/div>\n<\/div>\n\n\n\n<div class=\"wp-block-column is-layout-flow wp-block-column-is-layout-flow\">\n<figure class=\"wp-block-image size-full has-custom-border\"><img loading=\"lazy\" decoding=\"async\" width=\"640\" height=\"360\" src=\"https:\/\/savella.com.br\/wp-content\/uploads\/2025\/05\/Dictation-banner-Medium.jpeg\" alt=\"\" class=\"wp-image-65565\" style=\"border-radius:20px;aspect-ratio:16\/9;object-fit:cover\" srcset=\"https:\/\/savella.com.br\/wp-content\/uploads\/2025\/05\/Dictation-banner-Medium.jpeg 640w, https:\/\/savella.com.br\/wp-content\/uploads\/2025\/05\/Dictation-banner-Medium-300x169.jpeg 300w, https:\/\/savella.com.br\/wp-content\/uploads\/2025\/05\/Dictation-banner-Medium-270x153.jpeg 270w, https:\/\/savella.com.br\/wp-content\/uploads\/2025\/05\/Dictation-banner-Medium-600x338.jpeg 600w\" sizes=\"(max-width: 640px) 100vw, 640px\" \/><\/figure>\n\n\n\n<p class=\"has-text-align-center has-medium-font-size\" style=\"font-style:normal;font-weight:400;letter-spacing:0.5px\"><br\/><strong>Listening<\/strong><br\/>Nossa ferramenta de listening permite que voc\u00ea ou\u00e7a e escreva o que ouviu, ajudando-o a melhorar a compreens\u00e3o e a ortografia ao mesmo tempo.<\/p>\n<\/div>\n<\/div>\n\n<div class=\"wp-block-columns has-border-color is-layout-flex wp-container-core-columns-is-layout-6cb66de6 wp-block-columns-is-layout-flex\" style=\"border-color:#ffffff;border-width:20px;margin-top:0;margin-bottom:0\">\n<div class=\"wp-block-column is-layout-flow wp-block-column-is-layout-flow\">\n<figure class=\"wp-block-image size-full has-custom-border is-style-default\"><img loading=\"lazy\" decoding=\"async\" width=\"640\" height=\"360\" src=\"https:\/\/savella.com.br\/wp-content\/uploads\/2025\/05\/Grammar-Mockup-Medium.jpeg\" alt=\"\" class=\"wp-image-65566\" style=\"border-radius:20px;aspect-ratio:16\/9;object-fit:cover\" srcset=\"https:\/\/savella.com.br\/wp-content\/uploads\/2025\/05\/Grammar-Mockup-Medium.jpeg 640w, https:\/\/savella.com.br\/wp-content\/uploads\/2025\/05\/Grammar-Mockup-Medium-300x169.jpeg 300w, https:\/\/savella.com.br\/wp-content\/uploads\/2025\/05\/Grammar-Mockup-Medium-270x153.jpeg 270w, https:\/\/savella.com.br\/wp-content\/uploads\/2025\/05\/Grammar-Mockup-Medium-600x338.jpeg 600w\" sizes=\"(max-width: 640px) 100vw, 640px\" \/><\/figure>\n\n\n\n<p class=\"has-text-align-center has-medium-font-size\" style=\"letter-spacing:0.5px\"><br\/><strong>Grammar<\/strong><br\/>Nossa ferramenta de gram\u00e1tica ajuda voc\u00ea a praticar a estrutura das frases e a desenvolver um ingl\u00eas preciso e natural.<\/p>\n\n\n\n<div style=\"height:17px\" aria-hidden=\"true\" class=\"wp-block-spacer\"><\/div>\n<\/div>\n\n\n\n<div class=\"wp-block-column is-layout-flow wp-block-column-is-layout-flow\">\n<figure class=\"wp-block-image size-full has-custom-border\"><img loading=\"lazy\" decoding=\"async\" width=\"640\" height=\"360\" src=\"https:\/\/savella.com.br\/wp-content\/uploads\/2025\/05\/Test-Mockup-Medium.jpeg\" alt=\"\" class=\"wp-image-65567\" style=\"border-radius:20px;aspect-ratio:16\/9;object-fit:cover\" srcset=\"https:\/\/savella.com.br\/wp-content\/uploads\/2025\/05\/Test-Mockup-Medium.jpeg 640w, https:\/\/savella.com.br\/wp-content\/uploads\/2025\/05\/Test-Mockup-Medium-300x169.jpeg 300w, https:\/\/savella.com.br\/wp-content\/uploads\/2025\/05\/Test-Mockup-Medium-270x153.jpeg 270w, https:\/\/savella.com.br\/wp-content\/uploads\/2025\/05\/Test-Mockup-Medium-600x338.jpeg 600w\" sizes=\"(max-width: 640px) 100vw, 640px\" \/><\/figure>\n\n\n\n<p class=\"has-text-align-center has-medium-font-size\" style=\"font-style:normal;font-weight:400;letter-spacing:0.5px\"><br\/><strong>Speaking &amp; Writing<\/strong><br\/>Voc\u00ea faz um teste por semana, e n\u00f3s o corrigimos manualmente e lhe damos feedback pessoal &#8211; n\u00e3o apenas respostas autom\u00e1ticas.<\/p>\n<\/div>\n<\/div>\n\n<p><\/p>\n","protected":false},"excerpt":{"rendered":"<p>Simplifique o aprendizado de idiomas Desenvolvido para alunos do mundo real Practice All Four SkillsTo communicate well, you need to [&hellip;]<\/p>\n","protected":false},"author":1,"featured_media":0,"parent":0,"menu_order":0,"comment_status":"closed","ping_status":"closed","template":"","meta":{"site-sidebar-layout":"default","site-content-layout":"","ast-site-content-layout":"full-width-container","site-content-style":"default","site-sidebar-style":"default","ast-global-header-display":"","ast-banner-title-visibility":"","ast-main-header-display":"","ast-hfb-above-header-display":"","ast-hfb-below-header-display":"","ast-hfb-mobile-header-display":"","site-post-title":"","ast-breadcrumbs-content":"","ast-featured-img":"","footer-sml-layout":"","ast-disable-related-posts":"","theme-transparent-header-meta":"","adv-header-id-meta":"","stick-header-meta":"","header-above-stick-meta":"","header-main-stick-meta":"","header-below-stick-meta":"","astra-migrate-meta-layouts":"default","ast-page-background-enabled":"default","ast-page-background-meta":{"desktop":{"background-color":"var(--ast-global-color-4)","background-image":"","background-repeat":"repeat","background-position":"center center","background-size":"auto","background-attachment":"scroll","background-type":"","background-media":"","overlay-type":"","overlay-color":"","overlay-opacity":"","overlay-gradient":""},"tablet":{"background-color":"","background-image":"","background-repeat":"repeat","background-position":"center center","background-size":"auto","background-attachment":"scroll","background-type":"","background-media":"","overlay-type":"","overlay-color":"","overlay-opacity":"","overlay-gradient":""},"mobile":{"background-color":"","background-image":"","background-repeat":"repeat","background-position":"center center","background-size":"auto","background-attachment":"scroll","background-type":"","background-media":"","overlay-type":"","overlay-color":"","overlay-opacity":"","overlay-gradient":""}},"ast-content-background-meta":{"desktop":{"background-color":"var(--ast-global-color-5)","background-image":"","background-repeat":"repeat","background-position":"center center","background-size":"auto","background-attachment":"scroll","background-type":"","background-media":"","overlay-type":"","overlay-color":"","overlay-opacity":"","overlay-gradient":""},"tablet":{"background-color":"var(--ast-global-color-5)","background-image":"","background-repeat":"repeat","background-position":"center center","background-size":"auto","background-attachment":"scroll","background-type":"","background-media":"","overlay-type":"","overlay-color":"","overlay-opacity":"","overlay-gradient":""},"mobile":{"background-color":"var(--ast-global-color-5)","background-image":"","background-repeat":"repeat","background-position":"center center","background-size":"auto","background-attachment":"scroll","background-type":"","background-media":"","overlay-type":"","overlay-color":"","overlay-opacity":"","overlay-gradient":""}},"footnotes":""},"class_list":["post-64771","page","type-page","status-publish","hentry"],"_links":{"self":[{"href":"https:\/\/savella.com.br\/pt-br\/wp-json\/wp\/v2\/pages\/64771","targetHints":{"allow":["GET"]}}],"collection":[{"href":"https:\/\/savella.com.br\/pt-br\/wp-json\/wp\/v2\/pages"}],"about":[{"href":"https:\/\/savella.com.br\/pt-br\/wp-json\/wp\/v2\/types\/page"}],"author":[{"embeddable":true,"href":"https:\/\/savella.com.br\/pt-br\/wp-json\/wp\/v2\/users\/1"}],"replies":[{"embeddable":true,"href":"https:\/\/savella.com.br\/pt-br\/wp-json\/wp\/v2\/comments?post=64771"}],"version-history":[{"count":0,"href":"https:\/\/savella.com.br\/pt-br\/wp-json\/wp\/v2\/pages\/64771\/revisions"}],"wp:attachment":[{"href":"https:\/\/savella.com.br\/pt-br\/wp-json\/wp\/v2\/media?parent=64771"}],"curies":[{"name":"wp","href":"https:\/\/api.w.org\/{rel}","templated":true}]}}